{"id":1913,"date":"2026-02-07T21:36:59","date_gmt":"2026-02-07T20:36:59","guid":{"rendered":"https:\/\/alfaflyttstad.se\/?page_id=1913"},"modified":"2026-02-07T21:37:11","modified_gmt":"2026-02-07T20:37:11","slug":"flytt-molndal","status":"publish","type":"page","link":"https:\/\/alfaflyttstad.se\/en\/flytt-molndal\/","title":{"rendered":"Flytt M\u00f6lndal"},"content":{"rendered":"<div data-elementor-type=\"wp-page\" data-elementor-id=\"1913\" class=\"elementor elementor-1913\" data-elementor-post-type=\"page\">\n\t\t\t\t<div class=\"elementor-element elementor-element-764e8ef e-flex e-con-boxed e-con e-parent\" data-id=\"764e8ef\" data-element_type=\"container\" data-e-type=\"container\">\n\t\t\t\t\t<div class=\"e-con-inner\">\n\t\t\t\t<div class=\"elementor-element elementor-element-6e1ff0a elementor-widget elementor-widget-heading\" data-id=\"6e1ff0a\" data-element_type=\"widget\" data-e-type=\"widget\" data-widget_type=\"heading.default\">\n\t\t\t\t<div class=\"elementor-widget-container\">\n\t\t\t\t\t<h2 class=\"elementor-heading-title elementor-size-default\">Flyttfirma i M\u00f6lndal<\/h2>\t\t\t\t<\/div>\n\t\t\t\t<\/div>\n\t\t\t\t\t<\/div>\n\t\t\t\t<\/div>\n\t\t<div class=\"elementor-element elementor-element-bafa210 e-flex e-con-boxed e-con e-parent\" data-id=\"bafa210\" data-element_type=\"container\" data-e-type=\"container\">\n\t\t\t\t\t<div class=\"e-con-inner\">\n\t\t\t\t<div class=\"elementor-element elementor-element-f9a0a30 elementor-widget elementor-widget-text-editor\" data-id=\"f9a0a30\" data-element_type=\"widget\" data-e-type=\"widget\" data-widget_type=\"text-editor.default\">\n\t\t\t\t<div class=\"elementor-widget-container\">\n\t\t\t\t\t\t\t\t\t<p>Beh\u00f6ver du en p\u00e5litlig flyttfirma i M\u00f6lndal?<\/p><p>Alfa Flytt &amp; St\u00e4d erbjuder trygg och effektiv flytthj\u00e4lp i hela M\u00f6lndal och G\u00f6teborg. Vi hj\u00e4lper dig med allt fr\u00e5n packning och transport till montering och flyttst\u00e4dning.<\/p><p>\u2714\ufe0f 2\u20133 flyttare med lastbil <br \/>\u2714\ufe0f Full f\u00f6rs\u00e4kring <br \/>\u2714\ufe0f RUT-avdrag direkt <br \/>\u2714\ufe0f Timpris <br \/>\u2714\ufe0f Gratis offert<\/p><p>Vi k\u00f6r flyttar varje vecka i M\u00f6lndal, K\u00e5llered, Lindome och V\u00e4stra Fr\u00f6lunda.<\/p>\t\t\t\t\t\t\t\t<\/div>\n\t\t\t\t<\/div>\n\t\t\t\t<div class=\"elementor-element elementor-element-d59ea73 elementor-widget elementor-widget-button\" data-id=\"d59ea73\" data-element_type=\"widget\" data-e-type=\"widget\" id=\"offert\" data-widget_type=\"button.default\">\n\t\t\t\t<div class=\"elementor-widget-container\">\n\t\t\t\t\t\t\t\t\t<div class=\"elementor-button-wrapper\">\n\t\t\t\t\t<a class=\"elementor-button elementor-button-link elementor-size-sm\" href=\"#offert\">\n\t\t\t\t\t\t<span class=\"elementor-button-content-wrapper\">\n\t\t\t\t\t\t\t\t\t<span class=\"elementor-button-text\">F\u00e5 gratis offert<\/span>\n\t\t\t\t\t<\/span>\n\t\t\t\t\t<\/a>\n\t\t\t\t<\/div>\n\t\t\t\t\t\t\t\t<\/div>\n\t\t\t\t<\/div>\n\t\t\t\t\t<\/div>\n\t\t\t\t<\/div>\n\t\t\t\t<\/div>","protected":false},"excerpt":{"rendered":"<p>Flyttfirma i M\u00f6lndal Beh\u00f6ver du en p\u00e5litlig flyttfirma i M\u00f6lndal? Alfa Flytt &amp; St\u00e4d erbjuder trygg och effektiv flytthj\u00e4lp i hela M\u00f6lndal och G\u00f6teborg. Vi hj\u00e4lper dig med allt fr\u00e5n packning och transport till montering och flyttst\u00e4dning. \u2714\ufe0f 2\u20133 flyttare med lastbil \u2714\ufe0f Full f\u00f6rs\u00e4kring \u2714\ufe0f RUT-avdrag direkt \u2714\ufe0f Timpris \u2714\ufe0f Gratis offert Vi k\u00f6r [&hellip;]<\/p>\n","protected":false},"author":1,"featured_media":0,"parent":0,"menu_order":0,"comment_status":"closed","ping_status":"closed","template":"","meta":{"footnotes":""},"class_list":["post-1913","page","type-page","status-publish","hentry"],"_hostinger_reach_plugin_has_subscription_block":false,"_hostinger_reach_plugin_is_elementor":false,"_links":{"self":[{"href":"https:\/\/alfaflyttstad.se\/en\/wp-json\/wp\/v2\/pages\/1913","targetHints":{"allow":["GET"]}}],"collection":[{"href":"https:\/\/alfaflyttstad.se\/en\/wp-json\/wp\/v2\/pages"}],"about":[{"href":"https:\/\/alfaflyttstad.se\/en\/wp-json\/wp\/v2\/types\/page"}],"author":[{"embeddable":true,"href":"https:\/\/alfaflyttstad.se\/en\/wp-json\/wp\/v2\/users\/1"}],"replies":[{"embeddable":true,"href":"https:\/\/alfaflyttstad.se\/en\/wp-json\/wp\/v2\/comments?post=1913"}],"version-history":[{"count":3,"href":"https:\/\/alfaflyttstad.se\/en\/wp-json\/wp\/v2\/pages\/1913\/revisions"}],"predecessor-version":[{"id":1916,"href":"https:\/\/alfaflyttstad.se\/en\/wp-json\/wp\/v2\/pages\/1913\/revisions\/1916"}],"wp:attachment":[{"href":"https:\/\/alfaflyttstad.se\/en\/wp-json\/wp\/v2\/media?parent=1913"}],"curies":[{"name":"wp","href":"https:\/\/api.w.org\/{rel}","templated":true}]}}