{"id":1874,"date":"2025-10-27T07:00:06","date_gmt":"2025-10-27T06:00:06","guid":{"rendered":"https:\/\/alfaflyttstad.se\/?page_id=1874"},"modified":"2026-02-06T22:48:41","modified_gmt":"2026-02-06T21:48:41","slug":"bonus","status":"publish","type":"page","link":"https:\/\/alfaflyttstad.se\/en\/bonus\/","title":{"rendered":"Bonus"},"content":{"rendered":"<div data-elementor-type=\"wp-page\" data-elementor-id=\"1874\" class=\"elementor elementor-1874\" data-elementor-post-type=\"page\">\n\t\t\t\t<div class=\"elementor-element elementor-element-4aa43c7 e-flex e-con-boxed e-con e-parent\" data-id=\"4aa43c7\" data-element_type=\"container\" data-e-type=\"container\" data-settings=\"{&quot;background_background&quot;:&quot;gradient&quot;}\">\n\t\t\t\t\t<div class=\"e-con-inner\">\n\t\t<div class=\"elementor-element elementor-element-61a13ce e-con-full e-flex e-con e-child\" data-id=\"61a13ce\" data-element_type=\"container\" data-e-type=\"container\">\n\t\t<div class=\"elementor-element elementor-element-82aa8d5 e-flex e-con-boxed e-con e-child\" data-id=\"82aa8d5\" data-element_type=\"container\" data-e-type=\"container\">\n\t\t\t\t\t<div class=\"e-con-inner\">\n\t\t\t\t<div class=\"elementor-element elementor-element-8d4822d elementor-widget elementor-widget-heading\" data-id=\"8d4822d\" data-element_type=\"widget\" data-e-type=\"widget\" data-widget_type=\"heading.default\">\n\t\t\t\t<div class=\"elementor-widget-container\">\n\t\t\t\t\t<h1 class=\"elementor-heading-title elementor-size-default\">Akut hj\u00e4lp 24\/7 i Sverige<\/h1>\t\t\t\t<\/div>\n\t\t\t\t<\/div>\n\t\t\t\t<div class=\"elementor-element elementor-element-2d0fed3 elementor-widget elementor-widget-heading\" data-id=\"2d0fed3\" data-element_type=\"widget\" data-e-type=\"widget\" data-widget_type=\"heading.default\">\n\t\t\t\t<div class=\"elementor-widget-container\">\n\t\t\t\t\t<p class=\"elementor-heading-title elementor-size-default\">Flytt, st\u00e4d, b\u00e4rhj\u00e4lp, transport och t\u00f6mning<\/p>\t\t\t\t<\/div>\n\t\t\t\t<\/div>\n\t\t\t\t\t<\/div>\n\t\t\t\t<\/div>\n\t\t\t\t<\/div>\n\t\t\t\t\t<\/div>\n\t\t\t\t<\/div>\n\t\t<div class=\"elementor-element elementor-element-7ac645a e-flex e-con-boxed e-con e-parent\" data-id=\"7ac645a\" data-element_type=\"container\" data-e-type=\"container\" data-settings=\"{&quot;background_background&quot;:&quot;classic&quot;}\">\n\t\t\t\t\t<div class=\"e-con-inner\">\n\t\t<div class=\"elementor-element elementor-element-c879d54 e-con-full e-flex e-con e-child\" data-id=\"c879d54\" data-element_type=\"container\" data-e-type=\"container\">\n\t\t\t\t<div class=\"elementor-element elementor-element-b52601b elementor-widget elementor-widget-button\" data-id=\"b52601b\" data-element_type=\"widget\" data-e-type=\"widget\" data-widget_type=\"button.default\">\n\t\t\t\t<div class=\"elementor-widget-container\">\n\t\t\t\t\t\t\t\t\t<div class=\"elementor-button-wrapper\">\n\t\t\t\t\t<a class=\"elementor-button elementor-button-link elementor-size-sm\" href=\"#offert\">\n\t\t\t\t\t\t<span class=\"elementor-button-content-wrapper\">\n\t\t\t\t\t\t\t\t\t<span class=\"elementor-button-text\">Request a quote<\/span>\n\t\t\t\t\t<\/span>\n\t\t\t\t\t<\/a>\n\t\t\t\t<\/div>\n\t\t\t\t\t\t\t\t<\/div>\n\t\t\t\t<\/div>\n\t\t\t\t<div class=\"elementor-element elementor-element-e2d4594 elementor-widget elementor-widget-text-editor\" data-id=\"e2d4594\" data-element_type=\"widget\" data-e-type=\"widget\" data-widget_type=\"text-editor.default\">\n\t\t\t\t<div class=\"elementor-widget-container\">\n\t\t\t\t\t\t\t\t\t<p data-start=\"94\" data-end=\"202\">Inf\u00f6r flytt, st\u00e4d eller t\u00f6mning ska det vara enkelt att f\u00e5 hj\u00e4lp.<br data-start=\"159\" data-end=\"162\" \/>Hos oss f\u00e5r du hj\u00e4lp n\u00e4r du beh\u00f6ver den.<\/p><p data-start=\"204\" data-end=\"304\">Flytt, st\u00e4d, b\u00e4rhj\u00e4lp, transport och t\u00f6mning \u2013 dygnet runt.<br data-start=\"263\" data-end=\"266\" \/>Planerat eller akut spelar ingen roll.<\/p><p data-start=\"306\" data-end=\"409\">Vi arbetar snabbt, f\u00f6rsiktigt och professionellt.<br data-start=\"355\" data-end=\"358\" \/>N\u00e4r du beh\u00f6ver hj\u00e4lp finns vi h\u00e4r \u2013 24\/7 i Sverige.<\/p>\t\t\t\t\t\t\t\t<\/div>\n\t\t\t\t<\/div>\n\t\t\t\t<\/div>\n\t\t\t\t\t<\/div>\n\t\t\t\t<\/div>\n\t\t<div class=\"elementor-element elementor-element-15e24f3 e-flex e-con-boxed e-con e-parent\" data-id=\"15e24f3\" data-element_type=\"container\" data-e-type=\"container\" data-settings=\"{&quot;background_background&quot;:&quot;classic&quot;}\">\n\t\t\t\t\t<div class=\"e-con-inner\">\n\t\t\t\t<div class=\"elementor-element elementor-element-f957be7 elementor-widget elementor-widget-heading\" data-id=\"f957be7\" data-element_type=\"widget\" data-e-type=\"widget\" data-widget_type=\"heading.default\">\n\t\t\t\t<div class=\"elementor-widget-container\">\n\t\t\t\t\t<h2 class=\"elementor-heading-title elementor-size-default\">See how we work \u2013 moving company quote with quality and care<\/h2>\t\t\t\t<\/div>\n\t\t\t\t<\/div>\n\t\t<div class=\"elementor-element elementor-element-b5e80cb e-con-full e-flex e-con e-child\" data-id=\"b5e80cb\" data-element_type=\"container\" data-e-type=\"container\">\n\t\t\t\t<div class=\"elementor-element elementor-element-addb67c elementor-arrows-position-outside elementor-pagination-position-outside elementor-widget elementor-widget-image-carousel\" data-id=\"addb67c\" data-element_type=\"widget\" data-e-type=\"widget\" data-settings=\"{&quot;slides_to_show&quot;:&quot;4&quot;,&quot;navigation&quot;:&quot;both&quot;,&quot;autoplay&quot;:&quot;yes&quot;,&quot;pause_on_hover&quot;:&quot;yes&quot;,&quot;pause_on_interaction&quot;:&quot;yes&quot;,&quot;autoplay_speed&quot;:5000,&quot;infinite&quot;:&quot;yes&quot;,&quot;speed&quot;:500,&quot;image_spacing_custom&quot;:{&quot;unit&quot;:&quot;px&quot;,&quot;size&quot;:20,&quot;sizes&quot;:[]},&quot;image_spacing_custom_tablet&quot;:{&quot;unit&quot;:&quot;px&quot;,&quot;size&quot;:&quot;&quot;,&quot;sizes&quot;:[]},&quot;image_spacing_custom_mobile&quot;:{&quot;unit&quot;:&quot;px&quot;,&quot;size&quot;:&quot;&quot;,&quot;sizes&quot;:[]}}\" data-widget_type=\"image-carousel.default\">\n\t\t\t\t<div class=\"elementor-widget-container\">\n\t\t\t\t\t\t\t<div class=\"elementor-image-carousel-wrapper swiper\" role=\"region\" aria-roledescription=\"carousel\" aria-label=\"K\u00e9p k\u00f6rhinta\" dir=\"ltr\">\n\t\t\t<div class=\"elementor-image-carousel swiper-wrapper\" aria-live=\"off\">\n\t\t\t\t\t\t\t\t<div class=\"swiper-slide\" role=\"group\" aria-roledescription=\"slide\" aria-label=\"1 of 9\"><figure class=\"swiper-slide-inner\"><img decoding=\"async\" class=\"swiper-slide-image\" src=\"https:\/\/alfaflyttstad.se\/wp-content\/uploads\/elementor\/thumbs\/Flytt-flyttpackning-2-rg71b6o40d1pizv72p74cx73uqq5pfr75trdsnda34.webp\" alt=\"Offert flyttfirma, kontakt flyttfirma, Flyttfirma i Alings\u00e5s\" \/><\/figure><\/div><div class=\"swiper-slide\" role=\"group\" aria-roledescription=\"slide\" aria-label=\"2 of 9\"><figure class=\"swiper-slide-inner\"><img decoding=\"async\" class=\"swiper-slide-image\" src=\"https:\/\/alfaflyttstad.se\/wp-content\/uploads\/elementor\/thumbs\/Flytt-flyttpackning-3-rg71b6o40d1pizv72p74cx73uqq5pfr75trdsnda34.webp\" alt=\"Flytt, flyttpackning 3\" \/><\/figure><\/div><div class=\"swiper-slide\" role=\"group\" aria-roledescription=\"slide\" aria-label=\"3 of 9\"><figure class=\"swiper-slide-inner\"><img decoding=\"async\" class=\"swiper-slide-image\" src=\"https:\/\/alfaflyttstad.se\/wp-content\/uploads\/elementor\/thumbs\/Flytt-flyttpackning-5-rg71b6o40d1pizv72p74cx73uqq5pfr75trdsnda34.webp\" alt=\"Flytt, flyttpackning 5\" \/><\/figure><\/div><div class=\"swiper-slide\" role=\"group\" aria-roledescription=\"slide\" aria-label=\"4 of 9\"><figure class=\"swiper-slide-inner\"><img decoding=\"async\" class=\"swiper-slide-image\" src=\"https:\/\/alfaflyttstad.se\/wp-content\/uploads\/elementor\/thumbs\/Tungflytt-1-rg71b6o40d1pizv72p74cx73uqq5pfr75trdsnda34.webp\" alt=\"Heavy lifting\" \/><\/figure><\/div><div class=\"swiper-slide\" role=\"group\" aria-roledescription=\"slide\" aria-label=\"5 of 9\"><figure class=\"swiper-slide-inner\"><img decoding=\"async\" class=\"swiper-slide-image\" src=\"https:\/\/alfaflyttstad.se\/wp-content\/uploads\/elementor\/thumbs\/Flyttpackning_Goteborg_18-rg71bafgrp6utfpqgqtmmw8y8a7mk864icdbpr7pe8.webp\" alt=\"Flyttpackning_G\u00f6teborg, Flyttfirma Kung\u00e4lv\" \/><\/figure><\/div><div class=\"swiper-slide\" role=\"group\" aria-roledescription=\"slide\" aria-label=\"6 of 9\"><figure class=\"swiper-slide-inner\"><img decoding=\"async\" class=\"swiper-slide-image\" src=\"https:\/\/alfaflyttstad.se\/wp-content\/uploads\/elementor\/thumbs\/Flyttpackning_Goteborg_16-scaled-rg71bafgrp6utfpqgqtmmw8y8a7mk864icdbpr7pe8.webp\" alt=\"Flyttpackning_G\u00f6teborg, Flyttfirma i Lerum\" \/><\/figure><\/div><div class=\"swiper-slide\" role=\"group\" aria-roledescription=\"slide\" aria-label=\"7 of 9\"><figure class=\"swiper-slide-inner\"><img decoding=\"async\" class=\"swiper-slide-image\" src=\"https:\/\/alfaflyttstad.se\/wp-content\/uploads\/elementor\/thumbs\/Flyttpackning_Goteborg_15-rg71bafgrp6utfpqgqtmmw8y8a7mk864icdbpr7pe8.webp\" alt=\"Flyttpackning_G\u00f6teborg_15\" \/><\/figure><\/div><div class=\"swiper-slide\" role=\"group\" aria-roledescription=\"slide\" aria-label=\"8 of 9\"><figure class=\"swiper-slide-inner\"><img decoding=\"async\" class=\"swiper-slide-image\" src=\"https:\/\/alfaflyttstad.se\/wp-content\/uploads\/elementor\/thumbs\/Flyttpackning_Goteborg_12-rg71bafgrp6utfpqgqtmmw8y8a7mk864icdbpr7pe8.webp\" alt=\"Flyttpackning_G\u00f6teborg_12\" \/><\/figure><\/div><div class=\"swiper-slide\" role=\"group\" aria-roledescription=\"slide\" aria-label=\"9 of 9\"><figure class=\"swiper-slide-inner\"><img decoding=\"async\" class=\"swiper-slide-image\" src=\"https:\/\/alfaflyttstad.se\/wp-content\/uploads\/elementor\/thumbs\/Flyttpackning_Goteborg_3-rg71bafgrp6utfpqgqtmmw8y8a7mk864icdbpr7pe8.webp\" alt=\"Flyttpackning_G\u00f6teborg_3\" \/><\/figure><\/div>\t\t\t<\/div>\n\t\t\t\t\t\t\t\t\t\t\t\t<div class=\"elementor-swiper-button elementor-swiper-button-prev\" role=\"button\" tabindex=\"0\">\n\t\t\t\t\t\t<svg aria-hidden=\"true\" class=\"e-font-icon-svg e-eicon-chevron-left\" viewbox=\"0 0 1000 1000\" xmlns=\"http:\/\/www.w3.org\/2000\/svg\"><path d=\"M646 125C629 125 613 133 604 142L308 442C296 454 292 471 292 487 292 504 296 521 308 533L604 854C617 867 629 875 646 875 663 875 679 871 692 858 704 846 713 829 713 812 713 796 708 779 692 767L438 487 692 225C700 217 708 204 708 187 708 171 704 154 692 142 675 129 663 125 646 125Z\"><\/path><\/svg>\t\t\t\t\t<\/div>\n\t\t\t\t\t<div class=\"elementor-swiper-button elementor-swiper-button-next\" role=\"button\" tabindex=\"0\">\n\t\t\t\t\t\t<svg aria-hidden=\"true\" class=\"e-font-icon-svg e-eicon-chevron-right\" viewbox=\"0 0 1000 1000\" xmlns=\"http:\/\/www.w3.org\/2000\/svg\"><path d=\"M696 533C708 521 713 504 713 487 713 471 708 454 696 446L400 146C388 133 375 125 354 125 338 125 325 129 313 142 300 154 292 171 292 187 292 204 296 221 308 233L563 492 304 771C292 783 288 800 288 817 288 833 296 850 308 863 321 871 338 875 354 875 371 875 388 867 400 854L696 533Z\"><\/path><\/svg>\t\t\t\t\t<\/div>\n\t\t\t\t\n\t\t\t\t\t\t\t\t\t<div class=\"swiper-pagination\"><\/div>\n\t\t\t\t\t\t\t\t\t<\/div>\n\t\t\t\t\t\t<\/div>\n\t\t\t\t<\/div>\n\t\t\t\t<\/div>\n\t\t\t\t\t<\/div>\n\t\t\t\t<\/div>\n\t\t\t\t<\/div>","protected":false},"excerpt":{"rendered":"<p>Akut hj\u00e4lp 24\/7 i Sverige Flytt, st\u00e4d, b\u00e4rhj\u00e4lp, transport och t\u00f6mning Beg\u00e4r offert Inf\u00f6r flytt, st\u00e4d eller t\u00f6mning ska det vara enkelt att f\u00e5 hj\u00e4lp.Hos oss f\u00e5r du hj\u00e4lp n\u00e4r du beh\u00f6ver den. Flytt, st\u00e4d, b\u00e4rhj\u00e4lp, transport och t\u00f6mning \u2013 dygnet runt.Planerat eller akut spelar ingen roll. Vi arbetar snabbt, f\u00f6rsiktigt och professionellt.N\u00e4r du beh\u00f6ver [&hellip;]<\/p>\n","protected":false},"author":1,"featured_media":768,"parent":0,"menu_order":0,"comment_status":"closed","ping_status":"closed","template":"","meta":{"footnotes":""},"class_list":["post-1874","page","type-page","status-publish","has-post-thumbnail","hentry"],"_hostinger_reach_plugin_has_subscription_block":false,"_hostinger_reach_plugin_is_elementor":false,"_links":{"self":[{"href":"https:\/\/alfaflyttstad.se\/en\/wp-json\/wp\/v2\/pages\/1874","targetHints":{"allow":["GET"]}}],"collection":[{"href":"https:\/\/alfaflyttstad.se\/en\/wp-json\/wp\/v2\/pages"}],"about":[{"href":"https:\/\/alfaflyttstad.se\/en\/wp-json\/wp\/v2\/types\/page"}],"author":[{"embeddable":true,"href":"https:\/\/alfaflyttstad.se\/en\/wp-json\/wp\/v2\/users\/1"}],"replies":[{"embeddable":true,"href":"https:\/\/alfaflyttstad.se\/en\/wp-json\/wp\/v2\/comments?post=1874"}],"version-history":[{"count":13,"href":"https:\/\/alfaflyttstad.se\/en\/wp-json\/wp\/v2\/pages\/1874\/revisions"}],"predecessor-version":[{"id":1906,"href":"https:\/\/alfaflyttstad.se\/en\/wp-json\/wp\/v2\/pages\/1874\/revisions\/1906"}],"wp:featuredmedia":[{"embeddable":true,"href":"https:\/\/alfaflyttstad.se\/en\/wp-json\/wp\/v2\/media\/768"}],"wp:attachment":[{"href":"https:\/\/alfaflyttstad.se\/en\/wp-json\/wp\/v2\/media?parent=1874"}],"curies":[{"name":"wp","href":"https:\/\/api.w.org\/{rel}","templated":true}]}}